{"id":27,"date":"2025-01-03T07:40:55","date_gmt":"2025-01-03T07:40:55","guid":{"rendered":"https:\/\/www.adstation.com.tr\/adstation\/?page_id=27"},"modified":"2025-02-27T12:53:06","modified_gmt":"2025-02-27T12:53:06","slug":"insan-kaynaklari","status":"publish","type":"page","link":"https:\/\/www.adstation.com.tr\/adstation\/insan-kaynaklari\/","title":{"rendered":"\u0130nsan kaynaklar\u0131"},"content":{"rendered":"\t\t<div data-elementor-type=\"wp-page\" data-elementor-id=\"27\" class=\"elementor elementor-27\" data-elementor-post-type=\"page\">\n\t\t\t\t\t\t<section class=\"elementor-section elementor-top-section elementor-element elementor-element-d37afba elementor-section-height-min-height elementor-section-boxed elementor-section-height-default elementor-section-items-middle\" data-id=\"d37afba\" data-element_type=\"section\" data-e-type=\"section\" data-settings=\"{&quot;background_background&quot;:&quot;classic&quot;}\">\n\t\t\t\t\t\t<div class=\"elementor-container elementor-column-gap-default\">\n\t\t\t\t\t<div class=\"elementor-column elementor-col-100 elementor-top-column elementor-element elementor-element-6ef4f00\" data-id=\"6ef4f00\" data-element_type=\"column\" data-e-type=\"column\" data-settings=\"{&quot;background_background&quot;:&quot;gradient&quot;}\">\n\t\t\t<div class=\"elementor-widget-wrap elementor-element-populated\">\n\t\t\t\t\t\t<div class=\"elementor-element elementor-element-af94a22 elementor-widget elementor-widget-heading\" data-id=\"af94a22\" data-element_type=\"widget\" data-e-type=\"widget\" data-widget_type=\"heading.default\">\n\t\t\t\t<div class=\"elementor-widget-container\">\n\t\t\t\t\t<h1 class=\"elementor-heading-title elementor-size-default\">\u0130nsan Kaynaklar\u0131<\/h1>\t\t\t\t<\/div>\n\t\t\t\t<\/div>\n\t\t\t\t<div class=\"elementor-element elementor-element-f3cb926 elementor-widget elementor-widget-text-editor\" data-id=\"f3cb926\" data-element_type=\"widget\" data-e-type=\"widget\" data-widget_type=\"text-editor.default\">\n\t\t\t\t<div class=\"elementor-widget-container\">\n\t\t\t\t\t\t\t\t\t<p>\u00a0<\/p><p>Bizimle \u00e7al\u0131\u015fmaya, sesinizi duyurmaya ve beklentilerinizi payla\u015fmaya haz\u0131r m\u0131s\u0131n\u0131z? \u0130nsan Kaynaklar\u0131 ekibimiz, hem sizinle daha iyi ileti\u015fim kurmak hem de s\u00fcre\u00e7lerimizi geli\u015ftirmek i\u00e7in her zaman yan\u0131n\u0131zda.<\/p><p>\u015eikayet, istek ve taleplerinizi bizimle payla\u015farak iyile\u015ftirme ve geli\u015fim s\u00fcrecimize katk\u0131da bulunabilirsiniz. Ayr\u0131ca, ekibimizin bir par\u00e7as\u0131 olmak istiyorsan\u0131z \u00f6zge\u00e7mi\u015finizi g\u00f6ndererek kariyer yolculu\u011funuza bizimle devam edebilirsiniz.<\/p><p>A\u015fa\u011f\u0131daki formu doldurarak bize kolayca ula\u015fabilir, t\u00fcm mesajlar\u0131n\u0131z\u0131n titizlikle de\u011ferlendirilece\u011finden emin olabilirsiniz. \u00c7\u00fcnk\u00fc sizden gelen her geri bildirim, bizim i\u00e7in \u00e7ok de\u011ferli!<\/p><p><strong>Gelin, birlikte daha g\u00fc\u00e7l\u00fc bir gelece\u011fe ad\u0131m atal\u0131m!<\/strong><\/p><p>\u00a0<\/p>\t\t\t\t\t\t\t\t<\/div>\n\t\t\t\t<\/div>\n\t\t\t\t\t<\/div>\n\t\t<\/div>\n\t\t\t\t\t<\/div>\n\t\t<\/section>\n\t\t<div class=\"elementor-element elementor-element-2d2192c e-con-full e-flex e-con e-parent\" data-id=\"2d2192c\" data-element_type=\"container\" data-e-type=\"container\" data-settings=\"{&quot;background_background&quot;:&quot;classic&quot;}\">\n\t\t\t\t<div class=\"elementor-element elementor-element-3bffa8b elementor-widget elementor-widget-n-accordion\" data-id=\"3bffa8b\" data-element_type=\"widget\" data-e-type=\"widget\" data-settings=\"{&quot;n_accordion_animation_duration&quot;:{&quot;unit&quot;:&quot;ms&quot;,&quot;size&quot;:1000,&quot;sizes&quot;:[]},&quot;default_state&quot;:&quot;all_collapsed&quot;,&quot;max_items_expended&quot;:&quot;one&quot;}\" data-widget_type=\"nested-accordion.default\">\n\t\t\t\t<div class=\"elementor-widget-container\">\n\t\t\t\t\t\t\t<div class=\"e-n-accordion\" aria-label=\"Accordion. Open links with Enter or Space, close with Escape, and navigate with Arrow Keys\">\n\t\t\t\t\t\t<details id=\"e-n-accordion-item-6290\" class=\"e-n-accordion-item\" >\n\t\t\t\t<summary class=\"e-n-accordion-item-title\" data-accordion-index=\"1\" tabindex=\"0\" aria-expanded=\"false\" aria-controls=\"e-n-accordion-item-6290\" >\n\t\t\t\t\t<span class='e-n-accordion-item-title-header'><div class=\"e-n-accordion-item-title-text\"> CV G\u00f6nder <\/div><\/span>\n\t\t\t\t\t\t\t<span class='e-n-accordion-item-title-icon'>\n\t\t\t<span class='e-opened' ><svg aria-hidden=\"true\" class=\"e-font-icon-svg e-fas-minus\" viewBox=\"0 0 448 512\" xmlns=\"http:\/\/www.w3.org\/2000\/svg\"><path d=\"M416 208H32c-17.67 0-32 14.33-32 32v32c0 17.67 14.33 32 32 32h384c17.67 0 32-14.33 32-32v-32c0-17.67-14.33-32-32-32z\"><\/path><\/svg><\/span>\n\t\t\t<span class='e-closed'><svg aria-hidden=\"true\" class=\"e-font-icon-svg e-fas-plus\" viewBox=\"0 0 448 512\" xmlns=\"http:\/\/www.w3.org\/2000\/svg\"><path d=\"M416 208H272V64c0-17.67-14.33-32-32-32h-32c-17.67 0-32 14.33-32 32v144H32c-17.67 0-32 14.33-32 32v32c0 17.67 14.33 32 32 32h144v144c0 17.67 14.33 32 32 32h32c17.67 0 32-14.33 32-32V304h144c17.67 0 32-14.33 32-32v-32c0-17.67-14.33-32-32-32z\"><\/path><\/svg><\/span>\n\t\t<\/span>\n\n\t\t\t\t\t\t<\/summary>\n\t\t\t\t<div role=\"region\" aria-labelledby=\"e-n-accordion-item-6290\" class=\"elementor-element elementor-element-e1b0a44 e-con-full e-flex e-con e-child\" data-id=\"e1b0a44\" data-element_type=\"container\" data-e-type=\"container\">\n\t\t<div role=\"region\" aria-labelledby=\"e-n-accordion-item-6290\" class=\"elementor-element elementor-element-cda5ecd e-flex e-con-boxed e-con e-child\" data-id=\"cda5ecd\" data-element_type=\"container\" data-e-type=\"container\">\n\t\t\t\t\t<div class=\"e-con-inner\">\n\t\t\t\t<div class=\"elementor-element elementor-element-fd36a03 elementor-widget elementor-widget-shortcode\" data-id=\"fd36a03\" data-element_type=\"widget\" data-e-type=\"widget\" data-widget_type=\"shortcode.default\">\n\t\t\t\t<div class=\"elementor-widget-container\">\n\t\t\t\t\t\t\t<div class=\"elementor-shortcode\"><div class=\"forminator-ui forminator-custom-form forminator-custom-form-1314 forminator-design--default  forminator_ajax\" data-forminator-render=\"0\" data-form=\"forminator-module-1314\" data-uid=\"69fc876717580\"><br\/><\/div><form\n\t\t\t\tid=\"forminator-module-1314\"\n\t\t\t\tclass=\"forminator-ui forminator-custom-form forminator-custom-form-1314 forminator-design--default  forminator_ajax\"\n\t\t\t\tmethod=\"post\"\n\t\t\t\tdata-forminator-render=\"0\"\n\t\t\t\tdata-form-id=\"1314\"\n\t\t\t\tenctype=\"multipart\/form-data\" data-color-option=\"theme\" data-design=\"default\" data-grid=\"open\" style=\"display: none;\"\n\t\t\t\tdata-uid=\"69fc876717580\"\n\t\t\t><div role=\"alert\" aria-live=\"polite\" class=\"forminator-response-message forminator-error\" aria-hidden=\"true\"><\/div><div class=\"forminator-row\"><div id=\"name-2\" class=\"forminator-field-name forminator-col forminator-col-12 \"><div class=\"forminator-field\"><label for=\"forminator-field-name-2_69fc876717580\" id=\"forminator-field-name-2_69fc876717580-label\" class=\"forminator-label\">Pozisyon<\/label><input type=\"text\" name=\"name-2\" value=\"\" placeholder=\"\" id=\"forminator-field-name-2_69fc876717580\" class=\"forminator-input forminator-name--field\" aria-required=\"false\" autocomplete=\"name\" \/><\/div><\/div><\/div><div class=\"forminator-row\"><div id=\"name-1\" class=\"forminator-field-name forminator-col forminator-col-12 \"><div class=\"forminator-field\"><label for=\"forminator-field-name-1_69fc876717580\" id=\"forminator-field-name-1_69fc876717580-label\" class=\"forminator-label\">Ad - Soyad<\/label><input type=\"text\" name=\"name-1\" value=\"\" placeholder=\"\" id=\"forminator-field-name-1_69fc876717580\" class=\"forminator-input forminator-name--field\" aria-required=\"false\" autocomplete=\"name\" \/><\/div><\/div><\/div><div class=\"forminator-row\"><div id=\"email-1\" class=\"forminator-field-email forminator-col forminator-col-12 \"><div class=\"forminator-field\"><label for=\"forminator-field-email-1_69fc876717580\" id=\"forminator-field-email-1_69fc876717580-label\" class=\"forminator-label\">E-posta Adresi<\/label><input type=\"email\" name=\"email-1\" value=\"\" placeholder=\"\" id=\"forminator-field-email-1_69fc876717580\" class=\"forminator-input forminator-email--field\" data-required=\"\" aria-required=\"false\" autocomplete=\"email\" \/><\/div><\/div><\/div><div class=\"forminator-row\"><div id=\"phone-1\" class=\"forminator-field-phone forminator-col forminator-col-12 \"><div class=\"forminator-field\"><label for=\"forminator-field-phone-1_69fc876717580\" id=\"forminator-field-phone-1_69fc876717580-label\" class=\"forminator-label\">Telefon<\/label><input type=\"text\" name=\"phone-1\" value=\"\" placeholder=\"\" id=\"forminator-field-phone-1_69fc876717580\" class=\"forminator-input forminator-field--phone\" data-required=\"\" aria-required=\"false\" autocomplete=\"off\" \/><\/div><\/div><\/div><div class=\"forminator-row\"><div id=\"address-1\" class=\"forminator-field-address forminator-col forminator-col-12 \"><div class=\"forminator-row\"><div id=\"address-1-street_address\" class=\"forminator-col\"><div class=\"forminator-field\"><label for=\"forminator-field-address-1-street_address_69fc876717580\" id=\"forminator-field-address-1-street_address_69fc876717580-label\" class=\"forminator-label\">Adres<\/label><input type=\"text\" name=\"address-1-street_address\" placeholder=\"\" id=\"forminator-field-address-1-street_address_69fc876717580\" class=\"forminator-input\" data-required=\"\" aria-required=\"false\" autocomplete=\"address-line1\" value=\"\" \/><\/div><\/div><\/div><\/div><\/div><div class=\"forminator-row\"><div id=\"url-1\" class=\"forminator-field-url forminator-col forminator-col-12 \"><div class=\"forminator-field\"><label for=\"forminator-field-url-1_69fc876717580\" id=\"forminator-field-url-1_69fc876717580-label\" class=\"forminator-label\">Son Yap\u0131lan Proje<\/label><input type=\"url\" name=\"url-1\" value=\"\" placeholder=\"\" id=\"forminator-field-url-1_69fc876717580\" class=\"forminator-input forminator-website--field\" data-required=\"\" aria-required=\"false\" \/><\/div><\/div><\/div><div class=\"forminator-row\"><div id=\"date-1\" class=\"forminator-field-date forminator-col forminator-col-12 \"><div class=\"forminator-field\"><label for=\"forminator-field-date-1-picker_69fc876717580\" id=\"forminator-field-date-1-picker_69fc876717580-label\" class=\"forminator-label\">Do\u011fum Tarihi<\/label><div class=\"forminator-input-with-icon\"><span class=\"forminator-icon-calendar\" aria-hidden=\"true\"><\/span><input autocomplete=\"off\" type=\"text\" size=\"1\" name=\"date-1\" value=\"\" placeholder=\"Tarih Se\u00e7\" id=\"forminator-field-date-1-picker_69fc876717580\" class=\"forminator-input forminator-datepicker\" data-required=\"\" data-format=\"dd\/mm\/yy\" data-restrict-type=\"\" data-restrict=\"\" data-start-year=\"1926\" data-end-year=\"2126\" data-past-dates=\"enable\" data-start-of-week=\"1\" data-start-date=\"\" data-end-date=\"\" data-start-field=\"\" data-end-field=\"\" data-start-offset=\"\" data-end-offset=\"\" data-disable-date=\"\" data-disable-range=\"\" \/><\/div><\/div><\/div><\/div><div class=\"forminator-row\"><div id=\"textarea-1\" class=\"forminator-field-textarea forminator-col forminator-col-12 \"><div class=\"forminator-field\"><label for=\"forminator-field-textarea-1_69fc876717580\" id=\"forminator-field-textarea-1_69fc876717580-label\" class=\"forminator-label\">Kendinizden Bahsedin<\/label><textarea name=\"textarea-1\" placeholder=\"\" id=\"forminator-field-textarea-1_69fc876717580\" class=\"forminator-textarea\" rows=\"6\" style=\"--forminator-textarea-min-height:140px;\" ><\/textarea><\/div><\/div><\/div><div class=\"forminator-row\"><div id=\"text-1\" class=\"forminator-field-text forminator-col forminator-col-12 \"><div class=\"forminator-field\"><label for=\"forminator-field-text-1_69fc876717580\" id=\"forminator-field-text-1_69fc876717580-label\" class=\"forminator-label\">Projeleriniz - Sertifikalar - Mezuniyet Bilgisi<\/label><input type=\"text\" name=\"text-1\" value=\"\" placeholder=\"\" id=\"forminator-field-text-1_69fc876717580\" class=\"forminator-input forminator-name--field\" data-required=\"\" \/><\/div><\/div><\/div><div class=\"forminator-row\"><div id=\"upload-1\" class=\"forminator-field-upload forminator-col forminator-col-12 \"><div class=\"forminator-field\"><label for=\"forminator-field-upload-1_69fc876717580\" id=\"forminator-field-upload-1_69fc876717580-label\" class=\"forminator-label\">CV Y\u00fckleyin (PDF)<\/label><div class=\"forminator-file-upload \" data-element=\"upload-1_69fc876717580\"><input type=\"file\" name=\"upload-1\" id=\"forminator-field-upload-1_69fc876717580\" class=\"forminator-input-file\" accept=\".jpg,.jpeg,.jpe,.gif,.png,.bmp,.tiff,.tif,.webp,.avif,.ico,.heic,.heif,.heics,.heifs,.asf,.asx,.wmv,.wmx,.wm,.avi,.divx,.flv,.mov,.qt,.mpeg,.mpg,.mpe,.mp4,.m4v,.ogv,.webm,.mkv,.3gp,.3gpp,.3g2,.3gp2,.txt,.asc,.c,.cc,.h,.srt,.csv,.tsv,.ics,.rtx,.vtt,.mp3,.m4a,.m4b,.aac,.ra,.ram,.wav,.ogg,.oga,.flac,.mid,.midi,.wma,.wax,.mka,.rtf,.pdf,.class,.tar,.zip,.gz,.gzip,.7z,.psd,.xcf,.doc,.pot,.pps,.ppt,.wri,.xla,.xls,.xlt,.xlw,.mdb,.mpp,.docx,.docm,.dotx,.dotm,.xlsx,.xlsm,.xlsb,.xltx,.xltm,.xlam,.pptx,.pptm,.ppsx,.ppsm,.potx,.potm,.ppam,.sldx,.sldm,.onetoc,.onetoc2,.onetmp,.onepkg,.oxps,.xps,.odt,.odp,.ods,.odg,.odc,.odb,.odf,.wp,.wpd,.key,.numbers,.pages\" tabindex=\"-1\"><button id=\"forminator-field-upload-1_69fc876717580_button\" class=\"forminator-button forminator-button-upload\" data-id=\"forminator-field-upload-1_69fc876717580\">Dosya Se\u00e7<\/button><span data-empty-text=\"Dosya se\u00e7ilmedi\">Dosya se\u00e7ilmedi<\/span><button class=\"forminator-button-delete\" style=\"display: none;\"><i class=\"forminator-icon-close\" aria-hidden=\"true\"><\/i><span class=\"forminator-screen-reader-only\">Y\u00fcklenen dosyay\u0131 sil<\/span><\/button><\/div><\/div><\/div><\/div><div class=\"forminator-row\"><div id=\"checkbox-1\" class=\"forminator-field-checkbox forminator-col forminator-col-12 \"><div role=\"group\" class=\"forminator-field\" aria-labelledby=\"forminator-checkbox-group-forminator-field-checkbox-1-69fc876717580-label\"><span id=\"forminator-checkbox-group-forminator-field-checkbox-1-69fc876717580-label\" class=\"forminator-label\">Onay Kutusu<\/span><label id=\"forminator-field-checkbox-1-1-69fc876717580-label\" for=\"forminator-field-checkbox-1-1-69fc876717580\" class=\"forminator-checkbox\" title=\"Gizlilik S\u00f6zle\u015fmesi\"><input type=\"checkbox\" name=\"checkbox-1[]\" value=\"one\" id=\"forminator-field-checkbox-1-1-69fc876717580\" aria-labelledby=\"forminator-field-checkbox-1-1-69fc876717580-label\" data-calculation=\"0\"   data-hidden-behavior=\"zero\"\/><span class=\"forminator-checkbox-box\" aria-hidden=\"true\"><\/span><span class=\"forminator-checkbox-label\">Gizlilik S\u00f6zle\u015fmesi<\/span><\/label><\/div><\/div><\/div><input type=\"hidden\" name=\"referer_url\" value=\"\" \/><div class=\"forminator-row forminator-row-last\"><div class=\"forminator-col\"><div class=\"forminator-field\"><button class=\"forminator-button forminator-button-submit\">G&ouml;nder<\/button><\/div><\/div><\/div><input type=\"hidden\" id=\"forminator_nonce\" name=\"forminator_nonce\" value=\"4cb20f6ae5\" \/><input type=\"hidden\" name=\"_wp_http_referer\" value=\"\/adstation\/wp-json\/wp\/v2\/pages\/27\" \/><input type=\"hidden\" name=\"form_id\" value=\"1314\"><input type=\"hidden\" name=\"page_id\" value=\"27\"><input type=\"hidden\" name=\"form_type\" value=\"default\"><input type=\"hidden\" name=\"current_url\" value=\"https:\/\/www.adstation.com.tr\/adstation\/insan-kaynaklari\/\"><input type=\"hidden\" name=\"render_id\" value=\"0\"><input type=\"hidden\" name=\"action\" value=\"forminator_submit_form_custom-forms\"><\/form><\/div>\n\t\t\t\t\t\t<\/div>\n\t\t\t\t<\/div>\n\t\t\t\t\t<\/div>\n\t\t\t\t<\/div>\n\t\t\t\t<\/div>\n\t\t\t\t\t<\/details>\n\t\t\t\t\t<\/div>\n\t\t\t\t\t\t<\/div>\n\t\t\t\t<\/div>\n\t\t\t\t<\/div>\n\t\t<div class=\"elementor-element elementor-element-e17cfd2 e-flex e-con-boxed e-con e-parent\" data-id=\"e17cfd2\" data-element_type=\"container\" data-e-type=\"container\" data-settings=\"{&quot;background_background&quot;:&quot;classic&quot;}\">\n\t\t\t\t\t<div class=\"e-con-inner\">\n\t\t\t\t\t<\/div>\n\t\t\t\t<\/div>\n\t\t\t\t<\/div>\n\t\t","protected":false},"excerpt":{"rendered":"<p>\u0130nsan Kaynaklar\u0131 \u00a0 Bizimle \u00e7al\u0131\u015fmaya, sesinizi duyurmaya ve beklentilerinizi payla\u015fmaya haz\u0131r m\u0131s\u0131n\u0131z? \u0130nsan Kaynaklar\u0131 ekibimiz, hem sizinle daha iyi ileti\u015fim kurmak hem de s\u00fcre\u00e7lerimizi geli\u015ftirmek i\u00e7in her zaman yan\u0131n\u0131zda. \u015eikayet, istek ve taleplerinizi bizimle payla\u015farak iyile\u015ftirme ve geli\u015fim s\u00fcrecimize katk\u0131da bulunabilirsiniz. Ayr\u0131ca, ekibimizin bir par\u00e7as\u0131 olmak istiyorsan\u0131z \u00f6zge\u00e7mi\u015finizi g\u00f6ndererek kariyer yolculu\u011funuza bizimle devam edebilirsiniz. A\u015fa\u011f\u0131daki [&hellip;]<\/p>\n","protected":false},"author":1,"featured_media":0,"parent":0,"menu_order":0,"comment_status":"closed","ping_status":"closed","template":"elementor_header_footer","meta":{"footnotes":""},"class_list":["post-27","page","type-page","status-publish","hentry"],"_links":{"self":[{"href":"https:\/\/www.adstation.com.tr\/adstation\/wp-json\/wp\/v2\/pages\/27","targetHints":{"allow":["GET"]}}],"collection":[{"href":"https:\/\/www.adstation.com.tr\/adstation\/wp-json\/wp\/v2\/pages"}],"about":[{"href":"https:\/\/www.adstation.com.tr\/adstation\/wp-json\/wp\/v2\/types\/page"}],"author":[{"embeddable":true,"href":"https:\/\/www.adstation.com.tr\/adstation\/wp-json\/wp\/v2\/users\/1"}],"replies":[{"embeddable":true,"href":"https:\/\/www.adstation.com.tr\/adstation\/wp-json\/wp\/v2\/comments?post=27"}],"version-history":[{"count":43,"href":"https:\/\/www.adstation.com.tr\/adstation\/wp-json\/wp\/v2\/pages\/27\/revisions"}],"predecessor-version":[{"id":2113,"href":"https:\/\/www.adstation.com.tr\/adstation\/wp-json\/wp\/v2\/pages\/27\/revisions\/2113"}],"wp:attachment":[{"href":"https:\/\/www.adstation.com.tr\/adstation\/wp-json\/wp\/v2\/media?parent=27"}],"curies":[{"name":"wp","href":"https:\/\/api.w.org\/{rel}","templated":true}]}}